{"id":23,"date":"2015-03-18T00:44:14","date_gmt":"2015-03-17T23:44:14","guid":{"rendered":"http:\/\/djg-osnabrueck.de\/wp\/?page_id=23"},"modified":"2020-11-24T15:33:38","modified_gmt":"2020-11-24T14:33:38","slug":"kontakt-impressum","status":"publish","type":"page","link":"https:\/\/djg-osnabrueck.de\/?page_id=23","title":{"rendered":"Kontakt &#038; Impressum"},"content":{"rendered":"<section id=\"builder-section-1426635663906\" class=\"builder-section-first builder-section builder-section-text builder-section-last builder-text-columns-2\" style=\"background-repeat: repeat;background-position: center center;\">\n<div class=\"builder-section-content\">\n<div class=\"builder-text-row\">\n<div class=\"builder-text-column builder-text-column-1\" id=\"builder-section-1426635663906-column-1\">\n<div class=\"builder-text-content\">\n<h1>Kontakt<\/h1>\n<p>Deutsch-Japanische Gesellschaft Osnabr\u00fcck e.V.<\/p>\n<p>Ansprechpartner: J\u00fcrgen Dirkes<\/p>\n<p>c\/o ECOS GmbH<br \/>Westerbreite 7<br \/>49084 Osnabr\u00fcck<br \/>Germany<\/p>\n<p>Tel.: +49-541-911 909 90<br \/>Fax: +49-541-911 909 99<br \/>E-Mail: info@djg-osnabrueck.de<\/p>\n<p><a href=\"https:\/\/djg-osnabrueck.de\/wp\/wp-content\/uploads\/2020\/11\/Antrag-auf-Mitgliedschaft.docx\">Antrag auf Mitgliedschaft<\/a><\/p>\n<h1>Haftungsausschluss<\/h1>\n<p>Diese Seite dient zur Information \u00fcber die Deutsch-Japanische Gesellschaft Osnabr\u00fcck e.V.<\/p>\n<p>Haftung oder Gew\u00e4hr f\u00fcr die verlinkten Seiten kann nicht \u00fcbernommen werden.<\/p>\n<h1>Angaben nach dem TDG \/ MDStV<\/h1>\n<p>Deutsch-Japanische Gesellschaft Osnabr\u00fcck e.V.<\/p>\n<p>Ansprechpartner: J\u00fcrgen Dirkes<\/p>\n<p>c\/o ECOS GmbH<br \/>Westerbreite 7, 49084 Osnabr\u00fcck, Germany<br \/>Tel.: +49-541-911 909 90<br \/>Fax: +49-541-911 909 99<\/p>\n<p>E-Mail: info@djg-osnabrueck.de<\/p>\n<p>Vereinsregister: Vereinsregisternummer ___ beim Vereinsregister Osnabr\u00fcck<\/p>\n<h1>Anbieterkennzeichnung<\/h1>\n<p>Deutsch-Japanische Gesellschaft Osnabr\u00fcck e.V.<\/p>\n<p>Vertreten durch den gesch\u00e4ftsf\u00fchrenden Vorstand<br \/>Wilhelm Meemken<\/p>\n<p>c\/o ECOS GmbH<br \/>Westerbreite 7, 49084 Osnabr\u00fcck, Germany<br \/>Tel.: +49-541-911 909 90<br \/>Fax: +49-541-911 909 99<\/p>\n<p>E-Mail: info@djg-osnabrueck.de<\/p>\n<p>Vereinsregister: Vereinsregisternummer ___ beim Vereinsregister Osnabr\u00fcck<\/p>\n<h1>Verantwortlicher i. S. d. \u00a7 6 Abs. 2 MDStV<\/h1>\n<p>Herr Wilhelm Meemken<\/p>\n<p>c\/o ECOS GmbH<br \/>Westerbreite 7, 49084 Osnabr\u00fcck, Germany<br \/>Tel.: +49-541-911 909 90<br \/>Fax: +49-541-911 909 99<\/p>\n<p>E-Mail: info@djg-osnabrueck.de<\/p>\n<p>Unabh\u00e4ngig von der gew\u00e4hlten Geschlechtsform auf www.djg-osnabrueck.de ist immer die weibliche und m\u00e4nnliche Form gemeint.<\/p>\n<\/p><\/div>\n<\/p><\/div>\n<div class=\"builder-text-column builder-text-column-2\" id=\"builder-section-1426635663906-column-2\">\n<div class=\"builder-text-content\">\n<h1>Datenschutzerkl\u00e4rung<\/h1>\n<p>Anbieter und verantwortliche Stelle im Sinne des Datenschutzgesetzes<\/p>\n<p>Ansprechpartner: J\u00fcrgen Dirkes<br \/>\nc\/o ECOS GmbH<br \/>\nWesterbreite 7<br \/>\n49084 Osnabr\u00fcck<br \/>\nGermany<\/p>\n<p>Tel.: +49-541-911 909 90<br \/>\nFax: +49-541-911 909 99<br \/>\nE-Mail: info@djg-osnabrueck.de<\/p>\n<p><strong>Geltungsbereich<\/strong><\/p>\n<p>Nutzer erhalten mit dieser Datenschutzerkl\u00e4rung Information \u00fcber die Art, den Umfang und Zweck der Erhebung und Verwendung ihrer Daten durch den verantwortlichen Anbieter erhoben und verwendet werden.<br \/>\nDen rechtlichen Rahmen f\u00fcr den Datenschutz bilden das Bundesdatenschutzgesetz (BDSG) das Telemediengesetz (TMG) und die Datenschutzgrundverordnung (DSGVO).<\/p>\n<p>Die DJG Osnabr\u00fcck nimmt Ihren Datenschutz sehr ernst und behandelt Ihre personenbezogenen Daten vertraulich und entsprechend der gesetzlichen Vorschriften.<\/p>\n<p>Bedenken Sie, dass die Daten\u00fcbertragung im Internet grunds\u00e4tzlich mit Sicherheitsl\u00fccken bedacht sein kann. Ein vollumf\u00e4nglicher Schutz vor dem Zugriff durch Fremde ist nicht realisierbar.<\/p>\n<p><strong>Erfassung allgemeiner Informationen<\/strong><\/p>\n<p>Mit jedem Zugriff auf dieses Angebot werden durch uns bzw. den Webspace-Provider automatisch Informationen erfasst. Diese Informationen, auch als Server-Logfiles bezeichnet, sind allgemeiner Natur und erlauben keine R\u00fcckschl\u00fcsse auf Ihre Person. <\/p>\n<p>Beim Aufruf Ihrer Webseite durch Besucher werden die IP-Adressen dieser Besucher erfasst und in Logfiles gespeichert. Die IP-Adressen der Besucher Ihrer Webseiten werden zur Erkennung und Abwehr von Angriffen maximal sieben Tage gespeichert.<\/p>\n<p><strong>Umgang mit personenbezogenen Daten<\/strong><\/p>\n<p>Die DJG Osnabr\u00fcck erhebt, nutzt und gibt Ihre personenbezogenen Daten nur dann weiter, wenn dies im gesetzlichen Rahmen erlaubt ist oder Sie in die Datenerhebung einwilligen.<\/p>\n<p>Als personenbezogene Daten gelten s\u00e4mtliche Informationen, welche dazu dienen, Ihre Person zu bestimmen und welche zu Ihnen zur\u00fcckverfolgt werden k\u00f6nnen \u2013 also beispielsweise Ihr Name, Ihre E-Mail-Adresse und Telefonnummer.<\/p>\n<p><strong>Umgang mit Kontaktdaten<\/strong><\/p>\n<p>Nehmen Sie mit der DJG Osnabr\u00fcck durch die angebotenen Kontaktm\u00f6glichkeiten Verbindung auf, werden Ihre Angaben gespeichert, damit auf diese zur Bearbeitung und Beantwortung Ihrer Anfrage zur\u00fcckgegriffen werden kann. Ohne Ihre Einwilligung werden diese Daten nicht an Dritte weitergegeben.<\/p>\n<p><strong>Umgang mit Kommentaren und Beitr\u00e4gen<\/strong><\/p>\n<p>Hinterlassen Sie auf dieser Website einen Beitrag oder Kommentar, wird Ihre IP-Adresse gespeichert. Dies dient der Sicherheit des Websitebetreibers: Verst\u00f6\u00dft Ihr Text gegen das Recht, m\u00f6chte er Ihre Identit\u00e4t nachverfolgen k\u00f6nnen.<\/p>\n<p><strong>Abonnements<\/strong><\/p>\n<p>Sie haben die M\u00f6glichkeit, sowohl die gesamte Website als auch Nachfolgekommentare auf Ihren Beitrag zu abonnieren. Sie erhalten eine E-Mail zur Best\u00e4tigung Ihrer E-Mail-Adresse. Neben dieser werden keine weiteren Daten erhoben. Die gespeicherten Daten werden nicht an Dritte weitergereicht. Sie k\u00f6nnen ein Abonnement jederzeit abbestellen.<\/p>\n<p><strong>Einbindung von Diensten und Inhalten Dritter<\/strong><\/p>\n<p>Unser Angebot umfasst mitunter Inhalte, Dienste und Leistungen anderer Anbieter. Das sind zum Beispiel Karten, die von Google-Maps zur Verf\u00fcgung gestellt werden, Videos von YouTube sowie Grafiken und Bilder anderer Webseiten. Damit diese Daten im Browser des Nutzers aufgerufen und dargestellt werden k\u00f6nnen, ist die \u00dcbermittlung der IP-Adresse zwingend notwendig. Die Anbieter (im Folgenden als \u201eDritt-Anbieter\u201c bezeichnet) nehmen also die IP-Adresse des jeweiligen Nutzers wahr. <\/p>\n<p>Auch wenn wir bem\u00fcht sind, ausschlie\u00dflich Dritt-Anbieter zu nutzen, welche die IP-Adresse nur ben\u00f6tigen, um Inhalte ausliefern zu k\u00f6nnen, haben wir keinen Einfluss darauf, ob die IP-Adresse m\u00f6glicherweise gespeichert wird. Dieser Vorgang dient in dem Fall unter anderem statistischen Zwecken. Sofern wir Kenntnis davon haben, dass die IP-Adresse gespeichert wird, weisen wir unsere Nutzer darauf hin. <\/p>\n<p><strong>Datensparsamkeit<\/strong><\/p>\n<p>Personenbezogene Daten speichern wir gem\u00e4\u00df den Grunds\u00e4tzen der Datenvermeidung und Datensparsamkeit nur so lange, wie es erforderlich ist oder vom Gesetzgeber her vorgeschrieben wird (gesetzliche Speicherfrist). Entf\u00e4llt der Zweck der erhobenen Informationen oder endet die Speicherfrist, sperren oder l\u00f6schen wir die Daten.<\/p>\n<p><strong>Rechte des Nutzers: Auskunft, Berichtigung und L\u00f6schung<\/strong><\/p>\n<p>Sie als Nutzer erhalten auf Antrag Ihrerseits kostenlose Auskunft dar\u00fcber, welche personenbezogenen Daten \u00fcber Sie gespeichert wurden. Sofern Ihr Wunsch nicht mit einer gesetzlichen Pflicht zur Aufbewahrung von Daten (z. B. Vorratsdatenspeicherung) kollidiert, haben Sie ein Anrecht auf Berichtigung falscher Daten und auf die Sperrung oder L\u00f6schung Ihrer personenbezogenen Daten.<\/p>\n<p><strong>\u00c4nderung unserer Datenschutzerkl\u00e4rung<\/strong><\/p>\n<p>Um zu gew\u00e4hrleisten, dass unsere Datenschutzerkl\u00e4rung stets den aktuellen gesetzlichen Vorgaben entspricht, behalten wir uns jederzeit \u00c4nderungen vor. Das gilt auch f\u00fcr den Fall, dass die Datenschutzerkl\u00e4rung aufgrund neuer oder \u00fcberarbeiteter Leistungen, zum Beispiel neuer Serviceleistungen, angepasst werden muss. Die neue Datenschutzerkl\u00e4rung greift dann bei Ihrem n\u00e4chsten Besuch auf unserem Angebot.<\/p>\n<\/p><\/div>\n<\/p><\/div>\n<\/p><\/div>\n<\/p><\/div>\n<\/section>\n","protected":false},"excerpt":{"rendered":"<p>Kontakt Deutsch-Japanische Gesellschaft Osnabr\u00fcck e.V. Ansprechpartner: J\u00fcrgen Dirkes c\/o ECOS GmbHWesterbreite 749084 Osnabr\u00fcckGermany Tel.: +49-541-911 909 90Fax: +49-541-911 909 99E-Mail: info@djg-osnabrueck.de Antrag auf Mitgliedschaft Haftungsausschluss Diese Seite dient zur Information &hellip;<\/p>\n","protected":false},"author":1,"featured_media":0,"parent":34,"menu_order":0,"comment_status":"closed","ping_status":"closed","template":"template-builder.php","meta":{"footnotes":""},"class_list":["post-23","page","type-page","status-publish","hentry"],"_links":{"self":[{"href":"https:\/\/djg-osnabrueck.de\/index.php?rest_route=\/wp\/v2\/pages\/23","targetHints":{"allow":["GET"]}}],"collection":[{"href":"https:\/\/djg-osnabrueck.de\/index.php?rest_route=\/wp\/v2\/pages"}],"about":[{"href":"https:\/\/djg-osnabrueck.de\/index.php?rest_route=\/wp\/v2\/types\/page"}],"author":[{"embeddable":true,"href":"https:\/\/djg-osnabrueck.de\/index.php?rest_route=\/wp\/v2\/users\/1"}],"replies":[{"embeddable":true,"href":"https:\/\/djg-osnabrueck.de\/index.php?rest_route=%2Fwp%2Fv2%2Fcomments&post=23"}],"version-history":[{"count":25,"href":"https:\/\/djg-osnabrueck.de\/index.php?rest_route=\/wp\/v2\/pages\/23\/revisions"}],"predecessor-version":[{"id":753,"href":"https:\/\/djg-osnabrueck.de\/index.php?rest_route=\/wp\/v2\/pages\/23\/revisions\/753"}],"up":[{"embeddable":true,"href":"https:\/\/djg-osnabrueck.de\/index.php?rest_route=\/wp\/v2\/pages\/34"}],"wp:attachment":[{"href":"https:\/\/djg-osnabrueck.de\/index.php?rest_route=%2Fwp%2Fv2%2Fmedia&parent=23"}],"curies":[{"name":"wp","href":"https:\/\/api.w.org\/{rel}","templated":true}]}}