{"id":37,"date":"2015-03-18T01:18:22","date_gmt":"2015-03-18T00:18:22","guid":{"rendered":"http:\/\/djg-osnabrueck.de\/wp\/?page_id=37"},"modified":"2015-05-19T17:58:57","modified_gmt":"2015-05-19T15:58:57","slug":"aktivitaeten","status":"publish","type":"page","link":"https:\/\/djg-osnabrueck.de\/?page_id=37","title":{"rendered":"Aktivit\u00e4ten"},"content":{"rendered":"<section id=\"builder-section-1426637824368\" class=\"builder-section builder-section-first builder-section-text builder-section-last builder-text-columns-1\">\n<div class=\"builder-section-content\">\n<div class=\"builder-text-column builder-text-column-1\" id=\"builder-section-1426637824368-column-1\">\n<figure class=\"builder-text-image\">\n\t\t\t\t<img loading=\"lazy\" decoding=\"async\" width=\"1024\" height=\"147\" src=\"https:\/\/djg-osnabrueck.de\/wp\/wp-content\/uploads\/2015\/03\/cropped-fruits-1024x147.jpg\" class=\"attachment-large\" alt=\"cropped-fruits.jpg\" \/>\t\t\t<\/figure>\n<div class=\"builder-text-content\">\n<h1>Vereinsaktivit\u00e4ten<\/h1>\n<ul>\n<li>Japanische Filmwochen (in Zusammenarbeit mit dem Sozio-kulturellen Dialog e.V., Osnabr\u00fcck)<\/li>\n<li>Musikabende<\/li>\n<li>Gemeinsame Museumsbesuche<\/li>\n<li>Informationsveranstaltungen f\u00fcr die Wirtschaft (zusammen mit der ECOS Japan Consult)<\/li>\n<li>Wissenschaftliche Vortr\u00e4ge und Seminare (zusammen mit der Forschungsstelle Japan der Universit\u00e4t Osnabr\u00fcck)<\/li>\n<li>Gemeinsame Essen (z.B. Spargel, Gr\u00fcnkohl oder japanisch)<\/li>\n<li>Japanisch-Kochkurse<\/li>\n<li>Kulturreisen nach Japan<\/li>\n<li>Japanische Kulturtage<\/li>\n<\/ul><\/div>\n<\/p><\/div>\n<\/p><\/div>\n<\/section>\n","protected":false},"excerpt":{"rendered":"<p>Vereinsaktivit\u00e4ten Japanische Filmwochen (in Zusammenarbeit mit dem Sozio-kulturellen Dialog e.V., Osnabr\u00fcck) Musikabende Gemeinsame Museumsbesuche Informationsveranstaltungen f\u00fcr die Wirtschaft (zusammen mit der ECOS Japan Consult) Wissenschaftliche Vortr\u00e4ge und Seminare (zusammen mit &hellip;<\/p>\n","protected":false},"author":1,"featured_media":0,"parent":0,"menu_order":0,"comment_status":"closed","ping_status":"closed","template":"template-builder.php","meta":{"footnotes":""},"class_list":["post-37","page","type-page","status-publish","hentry"],"_links":{"self":[{"href":"https:\/\/djg-osnabrueck.de\/index.php?rest_route=\/wp\/v2\/pages\/37","targetHints":{"allow":["GET"]}}],"collection":[{"href":"https:\/\/djg-osnabrueck.de\/index.php?rest_route=\/wp\/v2\/pages"}],"about":[{"href":"https:\/\/djg-osnabrueck.de\/index.php?rest_route=\/wp\/v2\/types\/page"}],"author":[{"embeddable":true,"href":"https:\/\/djg-osnabrueck.de\/index.php?rest_route=\/wp\/v2\/users\/1"}],"replies":[{"embeddable":true,"href":"https:\/\/djg-osnabrueck.de\/index.php?rest_route=%2Fwp%2Fv2%2Fcomments&post=37"}],"version-history":[{"count":3,"href":"https:\/\/djg-osnabrueck.de\/index.php?rest_route=\/wp\/v2\/pages\/37\/revisions"}],"predecessor-version":[{"id":126,"href":"https:\/\/djg-osnabrueck.de\/index.php?rest_route=\/wp\/v2\/pages\/37\/revisions\/126"}],"wp:attachment":[{"href":"https:\/\/djg-osnabrueck.de\/index.php?rest_route=%2Fwp%2Fv2%2Fmedia&parent=37"}],"curies":[{"name":"wp","href":"https:\/\/api.w.org\/{rel}","templated":true}]}}